{"id":49,"date":"2014-01-13T19:41:43","date_gmt":"2014-01-13T18:41:43","guid":{"rendered":"http:\/\/wptest.barden-wuerzburg.de\/?page_id=49"},"modified":"2014-01-17T09:59:37","modified_gmt":"2014-01-17T08:59:37","slug":"unsere-saengerschaft","status":"publish","type":"page","link":"https:\/\/www.barden-wuerzburg.de\/?page_id=49","title":{"rendered":"Prinzipien"},"content":{"rendered":"<p style=\"text-align: justify;\">Die Universit\u00e4tss\u00e4ngerschaft Barden zu W\u00fcrzburg, hervorgegangen aus der 1869 gegr\u00fcndeten Prager Universit\u00e4tss\u00e4ngerschaft Barden, existiert seit 1948 in W\u00fcrzburg und geh\u00f6rt seitdem den farbentragenden und fakultativ schlagenden Korporationen an.<\/p>\n<h2>Freundschaft und Lebensbund<\/h2>\n<p style=\"text-align: justify;\"><a href=\"http:\/\/wptest.barden-wuerzburg.de\/wp-content\/uploads\/2014\/01\/freundschaft.png\"><img loading=\"lazy\" decoding=\"async\" class=\"size-full wp-image-111 alignright\" alt=\"freundschaft\" src=\"http:\/\/wptest.barden-wuerzburg.de\/wp-content\/uploads\/2014\/01\/freundschaft.png\" width=\"200\" height=\"135\" \/><\/a>Unsere S\u00e4ngerschaft vertritt das Freundschafts- und Lebensbundprinzip. Diese Grunds\u00e4tze \u00e4u\u00dfern sich vor allem darin, dass Jung und Alt innerhalb des auf einer kleinen Ma\u00dfstabsebene praktizierten \u201eGenerationenvertrages\u201c oft zusammenkommen und sich nicht nur \u00fcber Verbindungsfragen austauschen. Das gegenseitige voneinander Lernen sowie gegenseitige Unterst\u00fctzung und Hilfestellung spielen bei uns eine gro\u00dfe Rolle und tragen zum verst\u00e4ndnis- und respektvollen Umgang mit den St\u00e4rken und Schw\u00e4chen der anderen Bundesbr\u00fcder bei.<\/p>\n<h2>S\u00e4ngerschaftliches Prinzip<\/h2>\n<p style=\"text-align: justify;\"><a href=\"http:\/\/wptest.barden-wuerzburg.de\/wp-content\/uploads\/2014\/01\/notenschl\u00fcssel.png\"><img loading=\"lazy\" decoding=\"async\" class=\"size-full wp-image-110 alignleft\" alt=\"notenschl\u00fcssel\" src=\"http:\/\/wptest.barden-wuerzburg.de\/wp-content\/uploads\/2014\/01\/notenschl\u00fcssel.png\" width=\"103\" height=\"200\" \/><\/a>Gem\u00e4\u00df dem Motto \u201eWo man singt, da lass Dich nieder!\u201c haben wir uns als S\u00e4ngerschaft dem musischen Prinzip verpflichtet. Wir wollen diese Gedanken durch Geselligkeit und einen aktiven Chorbetrieb aufgreifen, in welchem vor allem unsere Mitglieder mitwirken sollen, der jedoch auch f\u00fcr G\u00e4ste und Freunde offensteht. Unser M\u00e4nnerchor widmet sich in erster Linie traditionellen Volks- und Studentenliedern. Inwiefern ein Chorbetrieb mit dem jeweiligen Repertoire m\u00f6glich ist, h\u00e4ngt nat\u00fcrlich immer von der Stimmung, Zusammensetzung und Anzahl der Bundesbr\u00fcder ab. Bei uns kommt es nicht darauf an, ob jemand gut oder schlecht singen kann (das ist wie vieles andere eine reine \u00dcbungsfrage), vielmehr Wert legen wir auf Spa\u00df bei gemeinsamen Singstunden. Sollte es einmal nicht f\u00fcr einen ganzen Chor reichen, treffen wir uns trotzdem zu geselligen Veranstaltungen auf unserer Bardenbude.<\/p>\n<h2>Couleur und Mensur<\/h2>\n<p style=\"text-align: justify;\">Als Barden tragen wir unsere Farben\u00a0in Form von Band und M\u00fctze. Dies ist f\u00fcr uns Ausdruck von Zusammengeh\u00f6rigkeit und Freundschaft innerhalb der Verbindung sowie Demonstration akademischer Geisteshaltung nach au\u00dfen.<\/p>\n<h2><a href=\"http:\/\/wptest.barden-wuerzburg.de\/wp-content\/uploads\/2014\/01\/mensur.png\"><img loading=\"lazy\" decoding=\"async\" class=\"size-full wp-image-109 alignright\" alt=\"mensur\" src=\"http:\/\/wptest.barden-wuerzburg.de\/wp-content\/uploads\/2014\/01\/mensur.png\" width=\"144\" height=\"200\" \/><\/a><\/h2>\n<p style=\"text-align: justify;\">Die Sache mit dem Fechten: Als fakultativ schlagender Bund hat bei uns niemand die Pflicht zu fechten, kann dies bei Interesse jedoch erlernen. Hierbei gilt: Niemand muss, aber jeder darf! Wenn Du das akademische Fechten, das heute nicht mehr als \u201eEhrenangelegenheit\u201c, sondern vielmehr als \u201eSport der etwas anderen Art\u201c betrachtet wird, erlernen m\u00f6chtest, wirst Du nat\u00fcrlich nicht ins kalte Wasser geworfen! Das Schlagen einer Mensur erfordert viel \u00dcbung und K\u00f6rperbeherrschung, die Du Dir nach und nach in den \u201ePaukstunden\u201c (Trainingsstunden) aneignest. Dieses Training ist sinnvollerweise 3-5mal pro Woche n\u00f6tig, um das optimale R\u00fcstzeug an die Hand zu bekommen. Beim Fechten gilt: Die Zeiten, in denen ein Schmiss als schick galt, sind vorbei! Beim Absolvieren einer Mensur besteht nach ordentlichem Training kein ernsthaftes Verletzungsrisiko!<\/p>\n<h2>Pers\u00f6nlichkeitsbildung<\/h2>\n<p style=\"text-align: justify;\">Nach dem Studienabschluss ist es heutzutage wichtiger als fr\u00fcher sich nicht nur in fachlichen Angelegenheiten auszukennen. Menschenkenntnis, der richtige Umgang mit Kollegen, die Vertretung der eigenen Meinung, Organisationstalent sowie die Leitung von Sitzungen, Meetings und Gruppenarbeiten beschreiben Kompetenzen, welche gerade in F\u00fchrungspositionen unabdingbar sind und zum t\u00e4glichen Gesch\u00e4ft geh\u00f6ren. An der Universit\u00e4t kann man sich diese F\u00e4higkeiten jedoch nur in sehr begrenztem Umfang aneignen.<br \/>\nIn unserem Bund sind unsere Mitglieder vom ersten Tag ihrer Mitgliedschaft in demokratische Strukturen, Verantwortung und Mitbestimmung eingebunden. Jeder \u00fcbernimmt in dieser Gemeinschaft Aufgaben und Verantwortung und lernt so auf spielerische Weise, seinen eigenen Verantwortungskreis zu organisieren und mit anderen Bundesbr\u00fcdern gemeinsame Aufgaben im Team zu bew\u00e4ltigen. Damit der Bund im Alltag also funktioniert, sind Engagement und Interesse grundlegende Elemente unserer Gemeinschaft. Dies erfordert wie \u00fcberall nat\u00fcrlich auch einen gewissen Zeitaufwand! Aber keine Angst: Wir wollen zwar unsere Freizeit miteinander verbringen, neben der Verbindung aber das Studium und Freundschaften au\u00dferhalb der Barden nicht zu kurz kommen lassen!<\/p>\n","protected":false},"excerpt":{"rendered":"<p>Die Universit\u00e4tss\u00e4ngerschaft Barden zu W\u00fcrzburg, hervorgegangen aus der 1869 gegr\u00fcndeten Prager Universit\u00e4tss\u00e4ngerschaft Barden, existiert seit 1948 in W\u00fcrzburg und geh\u00f6rt seitdem den farbentragenden und fakultativ schlagenden Korporationen an. Freundschaft und Lebensbund Unsere S\u00e4ngerschaft vertritt das Freundschafts- und Lebensbundprinzip. Diese Grunds\u00e4tze \u00e4u\u00dfern sich vor allem darin, dass Jung und Alt innerhalb des auf einer kleinen Ma\u00dfstabsebene praktizierten \u201eGenerationenvertrages\u201c oft zusammenkommen und [&hellip;]<\/p>\n","protected":false},"author":1,"featured_media":0,"parent":0,"menu_order":0,"comment_status":"closed","ping_status":"closed","template":"","meta":{"ngg_post_thumbnail":0,"footnotes":""},"class_list":["post-49","page","type-page","status-publish","hentry"],"_links":{"self":[{"href":"https:\/\/www.barden-wuerzburg.de\/index.php?rest_route=\/wp\/v2\/pages\/49","targetHints":{"allow":["GET"]}}],"collection":[{"href":"https:\/\/www.barden-wuerzburg.de\/index.php?rest_route=\/wp\/v2\/pages"}],"about":[{"href":"https:\/\/www.barden-wuerzburg.de\/index.php?rest_route=\/wp\/v2\/types\/page"}],"author":[{"embeddable":true,"href":"https:\/\/www.barden-wuerzburg.de\/index.php?rest_route=\/wp\/v2\/users\/1"}],"replies":[{"embeddable":true,"href":"https:\/\/www.barden-wuerzburg.de\/index.php?rest_route=%2Fwp%2Fv2%2Fcomments&post=49"}],"version-history":[{"count":12,"href":"https:\/\/www.barden-wuerzburg.de\/index.php?rest_route=\/wp\/v2\/pages\/49\/revisions"}],"predecessor-version":[{"id":162,"href":"https:\/\/www.barden-wuerzburg.de\/index.php?rest_route=\/wp\/v2\/pages\/49\/revisions\/162"}],"wp:attachment":[{"href":"https:\/\/www.barden-wuerzburg.de\/index.php?rest_route=%2Fwp%2Fv2%2Fmedia&parent=49"}],"curies":[{"name":"wp","href":"https:\/\/api.w.org\/{rel}","templated":true}]}}